{"id":19942,"date":"2016-10-20T14:05:08","date_gmt":"2016-10-20T12:05:08","guid":{"rendered":"https:\/\/embriq.no\/personvern\/"},"modified":"2024-08-30T15:37:53","modified_gmt":"2024-08-30T13:37:53","slug":"integritet","status":"publish","type":"page","link":"https:\/\/embriq.no\/sv\/integritet\/","title":{"rendered":"Vi bryr oss om din integritet"},"content":{"rendered":"<p>Embriq skyddar din personliga integritet och dina personuppgifter. Detta inneb\u00e4r att Embriq str\u00e4var efter att endast behandla och samla in personuppgifter i den utstr\u00e4ckning som det \u00e4r n\u00f6dv\u00e4ndigt.<\/p>\n<p>Med den nya allm\u00e4nna dataskyddsf\u00f6rordningen (GDPR) st\u00e4rks skyddet av varje enskild individs personuppgifter. F\u00f6r Embriq har detta lett till en \u00f6versyn av v\u00e5ra rutiner och deras utformning f\u00f6r att s\u00e4kerst\u00e4lla skyddet av individens r\u00e4ttigheter.<\/p>\n<p>I detta dokument hittar du en redog\u00f6relse av hur Embriq behandlar personuppgifter, vilka r\u00e4ttigheter du har, samt information om vem du kan kontakta vid ytterligare fr\u00e5gor kring behandlingen av dina personuppgifter.<\/p>\n<p><strong>Personuppgiftsansvarig f\u00f6r personuppgifter<\/strong><\/p>\n<p>Embriq AS, orgnr. 993 884 871, ansvarar f\u00f6r f\u00f6retagets behandling av personuppgifter.<\/p>\n<p><strong>Personuppgiftsbitr\u00e4de<\/strong><\/p>\n<p>I vissa fall kommer vi att anv\u00e4nda personuppgiftsbitr\u00e4den, det vill s\u00e4ga f\u00f6retag som utf\u00f6r databehandling p\u00e5 uppdrag av Embriq. Om personuppgiftsbitr\u00e4den anv\u00e4nds, kommer Embriq, innan databehandlingen p\u00e5b\u00f6rjas, att se till att ing\u00e5 ett avtal som reglerar databehandlingen.<\/p>\n<p><strong>Var behandlar vi dina personuppgifter?<\/strong><\/p>\n<p>Embriq str\u00e4var efter att behandla alla dina personuppgifter inom EU\/EES.<\/p>\n<p>I den utstr\u00e4ckning personuppgifter behandlas utanf\u00f6r EU\/EES kommer Embriq att vidta de \u00e5tg\u00e4rder som kr\u00e4vs f\u00f6r att s\u00e4kerst\u00e4lla den skyddsniv\u00e5 som kr\u00e4vs enligt GDPR. Det inneb\u00e4r bland annat att \u00e5tg\u00e4rder som EU:s standardavtalsvillkor och erk\u00e4nda organisationer, s\u00e5som \u201cPrivacy Shield\u201d, kommer att anv\u00e4ndas.<\/p>\n<p><strong>S\u00e4kerhet<\/strong><\/p>\n<p>F\u00f6r att skydda de personuppgifter som behandlas av Embriq anv\u00e4nder vi olika s\u00e4kerhetssystem, t.ex. antivirusprogram, brandv\u00e4ggar och \u00e5tkomstr\u00e4ttigheter. Dessutom anv\u00e4nder vi kryptering f\u00f6r separat skydd av k\u00e4nsliga personuppgifter. Embriq arbetar kontinuerligt med att uppr\u00e4tth\u00e5lla och f\u00f6rb\u00e4ttra s\u00e4kerheten i v\u00e5r IT-milj\u00f6.<\/p>\n<p><strong>Hur l\u00e4nge lagrar vi dina personuppgifter?<\/strong><\/p>\n<p>Embriq lagrar aldrig dina personuppgifter l\u00e4ngre \u00e4n vad som \u00e4r n\u00f6dv\u00e4ndigt f\u00f6r \u00e4ndam\u00e5let. F\u00f6r ytterligare information, se de olika lagringsperioderna f\u00f6r varje separat \u00e4ndam\u00e5l.<\/p>\n<p><strong>Vilka r\u00e4ttigheter har du som registrerad?<\/strong><\/p>\n<p><strong>R\u00e4tt till tillg\u00e5ng (s.k. registerutskrift)<\/strong><\/p>\n<p>Embriq \u00e4r alltid \u00f6ppna med hur vi behandlar dina personuppgifter. Om du vill veta mer om vilka personuppgifter vi behandlar om dig, kan du alltid beg\u00e4ra tillg\u00e5ng till dina uppgifter i form av en registerutskrift. N\u00e4r vi tar emot en s\u00e5dan beg\u00e4ran, ber vi om ytterligare information f\u00f6r att s\u00e4kerst\u00e4lla effektiv hantering och leverans till r\u00e4tt person.<\/p>\n<p><strong>R\u00e4tt till r\u00e4ttelse<\/strong><\/p>\n<p>Du kan kr\u00e4va att dina personuppgifter korrigeras om de \u00e4r felaktiga. Inom ramen f\u00f6r det angivna \u00e4ndam\u00e5let har du ocks\u00e5 r\u00e4tt att komplettera eventuella ofullst\u00e4ndiga personuppgifter.<\/p>\n<p><strong>R\u00e4tt till radering<\/strong><\/p>\n<p>Du kan kr\u00e4va att dina personuppgifter raderas i f\u00f6ljande situationer:<\/p>\n<ul>\n<li>Uppgifterna \u00e4r inte l\u00e4ngre n\u00f6dv\u00e4ndig f\u00f6r det \u00e4ndam\u00e5l f\u00f6r vilket de samlades in och behandlades.<\/li>\n<li>Du mots\u00e4tter dig den intresseavv\u00e4gning som vi har gjort baserat p\u00e5 legitima intressen, och din inv\u00e4ndning v\u00e4ger tyngre \u00e4n v\u00e5rt legitima intresse.<\/li>\n<li>Dina personuppgifter m\u00e5ste raderas f\u00f6r att uppfylla en r\u00e4ttslig skyldighet som vi \u00e4r f\u00f6rem\u00e5l f\u00f6r.<\/li>\n<\/ul>\n<p>Embriq har r\u00e4tt att avsl\u00e5 din beg\u00e4ran om det finns r\u00e4ttsliga skyldigheter som mots\u00e4ger omedelbar radering av dina personuppgifter. Dessa skyldigheter kan till exempel ha att g\u00f6ra med bokf\u00f6rings- och skattelagstiftning eller annan lagstiftning som vi m\u00e5ste f\u00f6lja. Behandlingen kan ocks\u00e5 vara n\u00f6dv\u00e4ndig f\u00f6r att fastst\u00e4lla, verkst\u00e4lla eller f\u00f6rsvara r\u00e4ttsliga anspr\u00e5k. Om vi \u00e4r f\u00f6rhindrade att radera de beg\u00e4rda personuppgifterna, kommer vi ist\u00e4llet att blockera personuppgifterna fr\u00e5n att anv\u00e4ndas f\u00f6r andra \u00e4ndam\u00e5l \u00e4n de som mots\u00e4ger \u00f6nskad radering.<\/p>\n<p><strong>R\u00e4tt till begr\u00e4nsning<\/strong><\/p>\n<p>Du har r\u00e4tt att kr\u00e4va att v\u00e5r behandling av dina personuppgifter begr\u00e4nsas. Om du bestrider att de personuppgifter vi behandlar \u00e4r korrekta, kan du kr\u00e4va att behandlingen begr\u00e4nsas under den tid vi beh\u00f6ver f\u00f6r att kontrollera att personuppgifterna \u00e4r korrekta. Om vi inte l\u00e4ngre beh\u00f6ver personuppgifterna f\u00f6r det angivna \u00e4ndam\u00e5let, men du beh\u00f6ver dem f\u00f6r att fastst\u00e4lla, verkst\u00e4lla eller f\u00f6rsvara r\u00e4ttsliga anspr\u00e5k, kan du kr\u00e4va begr\u00e4nsad behandling av uppgifterna hos Embriq. Det inneb\u00e4r att du kan kr\u00e4va att vi inte raderar dina uppgifter.<\/p>\n<p>Om du inv\u00e4nde mot en behandling som \u00e4r motiverad av v\u00e5rt legitima intresse, kan du kr\u00e4va att behandlingen begr\u00e4nsas under den tid vi beh\u00f6ver f\u00f6r att kontrollera om Embriqs legitima intresse v\u00e4ger tyngre \u00e4n ditt intresse av att f\u00e5 uppgifterna raderade. Om behandlingen har begr\u00e4nsats i de situationer som n\u00e4mns ovan, f\u00e5r vi endast behandla uppgifterna f\u00f6r att fastst\u00e4lla, verkst\u00e4lla eller f\u00f6rsvara r\u00e4ttsliga anspr\u00e5k, f\u00f6r att skydda andras r\u00e4ttigheter eller om du har gett oss ditt samtycke.<\/p>\n<p><strong>R\u00e4tt att bestrida vissa typer av behandling<\/strong><\/p>\n<p>Du har alltid r\u00e4tt att inv\u00e4nda mot behandling av personuppgifter baserat p\u00e5 en intresseavv\u00e4gning, eller om dina personuppgifter har anv\u00e4nts i direktmarknadsf\u00f6ring. F\u00f6r att kunna forts\u00e4tta behandla dina personuppgifter efter en s\u00e5dan inv\u00e4ndning, m\u00e5ste vi framvisa ett tvingande, n\u00f6dv\u00e4ndigt och legitimt intresse f\u00f6r behandlingen i fr\u00e5ga som v\u00e4ger tyngre \u00e4n dina intressen, r\u00e4ttigheter eller friheter. I motsatt fall f\u00e5r vi endast behandla uppgifterna f\u00f6r att fastst\u00e4lla, verkst\u00e4lla eller f\u00f6rsvara r\u00e4ttsliga anspr\u00e5k.<\/p>\n<p><strong>R\u00e4tt till dataportabilitet<\/strong><\/p>\n<p>Om v\u00e5r r\u00e4tt att behandla dina personuppgifter grundar sig p\u00e5 ditt samtycke eller f\u00f6r att fullg\u00f6ra ett avtal med dig, har du r\u00e4tt att kr\u00e4va att de personuppgifter om dig sj\u00e4lv som du har l\u00e4mnat till oss \u00f6verf\u00f6rs till en annan personuppgiftsansvarig (s\u00e5 kallad dataportabilitet). En f\u00f6ruts\u00e4ttning f\u00f6r dataportabilitet \u00e4r att \u00f6verf\u00f6ringen \u00e4r tekniskt genomf\u00f6rbar och kan utf\u00f6ras med hj\u00e4lp av ett datorprogram.<\/p>\n<h2>Om cookies<\/h2>\n<script\n\t\ttype=\"text\/javascript\"\n\t\tid=\"CookieDeclaration\"\n\t\tsrc=\"https:\/\/consent.cookiebot.com\/349c2c25-f55e-4f67-9513-69858d3025fd\/cd.js\"\n\t\t\tdata-culture=\"SV\"\n\t\tasync><\/script>\n\n","protected":false},"excerpt":{"rendered":"<p>Embriq skyddar din personliga integritet och dina personuppgifter. Detta inneb\u00e4r att Embriq str\u00e4var efter att endast&#8230;<\/p>\n","protected":false},"author":1,"featured_media":0,"parent":0,"menu_order":140,"comment_status":"closed","ping_status":"closed","template":"","meta":{"_acf_changed":false,"footnotes":""},"class_list":["post-19942","page","type-page","status-publish","hentry"],"acf":[],"_links":{"self":[{"href":"https:\/\/embriq.no\/sv\/wp-json\/wp\/v2\/pages\/19942","targetHints":{"allow":["GET"]}}],"collection":[{"href":"https:\/\/embriq.no\/sv\/wp-json\/wp\/v2\/pages"}],"about":[{"href":"https:\/\/embriq.no\/sv\/wp-json\/wp\/v2\/types\/page"}],"author":[{"embeddable":true,"href":"https:\/\/embriq.no\/sv\/wp-json\/wp\/v2\/users\/1"}],"replies":[{"embeddable":true,"href":"https:\/\/embriq.no\/sv\/wp-json\/wp\/v2\/comments?post=19942"}],"version-history":[{"count":0,"href":"https:\/\/embriq.no\/sv\/wp-json\/wp\/v2\/pages\/19942\/revisions"}],"wp:attachment":[{"href":"https:\/\/embriq.no\/sv\/wp-json\/wp\/v2\/media?parent=19942"}],"curies":[{"name":"wp","href":"https:\/\/api.w.org\/{rel}","templated":true}]}}